{"id":2166,"date":"2025-11-04T21:31:07","date_gmt":"2025-11-04T20:31:07","guid":{"rendered":"http:\/\/lc-sterzing-wipptal.com.w020a545.kasserver.com\/grundsaetze\/"},"modified":"2026-03-13T15:43:02","modified_gmt":"2026-03-13T14:43:02","slug":"principi","status":"publish","type":"page","link":"https:\/\/lc-sterzing-vipiteno-wipptal.com\/it\/principi\/","title":{"rendered":"Principi"},"content":{"rendered":"\t\t<div data-elementor-type=\"wp-page\" data-elementor-id=\"2166\" class=\"elementor elementor-2166 elementor-1559\" data-elementor-post-type=\"page\">\n\t\t\t\t<div class=\"elementor-element elementor-element-42aa046 e-flex e-con-boxed e-con e-parent\" data-id=\"42aa046\" data-element_type=\"container\" data-e-type=\"container\" data-settings=\"{&quot;background_background&quot;:&quot;slideshow&quot;,&quot;background_slideshow_gallery&quot;:[{&quot;id&quot;:1754,&quot;url&quot;:&quot;https:\\\/\\\/lc-sterzing-vipiteno-wipptal.com\\\/wp-content\\\/uploads\\\/2025\\\/10\\\/haende-verschlungen.jpg&quot;},{&quot;id&quot;:1930,&quot;url&quot;:&quot;http:\\\/\\\/lc-sterzing-vipiteno-wipptal.com.w020a545.kasserver.com\\\/wp-content\\\/uploads\\\/2025\\\/11\\\/helfende-hand.jpg&quot;},{&quot;id&quot;:2095,&quot;url&quot;:&quot;https:\\\/\\\/lc-sterzing-vipiteno-wipptal.com\\\/wp-content\\\/uploads\\\/2025\\\/10\\\/solidaritaet.jpg&quot;}],&quot;background_slideshow_ken_burns&quot;:&quot;yes&quot;,&quot;background_slideshow_loop&quot;:&quot;yes&quot;,&quot;background_slideshow_slide_duration&quot;:5000,&quot;background_slideshow_slide_transition&quot;:&quot;fade&quot;,&quot;background_slideshow_transition_duration&quot;:500,&quot;background_slideshow_ken_burns_zoom_direction&quot;:&quot;in&quot;}\">\n\t\t\t\t\t<div class=\"e-con-inner\">\n\t\t<div class=\"elementor-element elementor-element-c01b5bf e-con-full e-flex e-con e-child\" data-id=\"c01b5bf\" data-element_type=\"container\" data-e-type=\"container\">\n\t\t\t\t<div class=\"elementor-element elementor-element-391c857 elementor-widget elementor-widget-gva-heading-block\" data-id=\"391c857\" data-element_type=\"widget\" data-e-type=\"widget\" data-widget_type=\"gva-heading-block.default\">\n\t\t\t\t<div class=\"elementor-widget-container\">\n\t\t\t\t\t<div class=\"gva-element-gva-heading-block gva-element\">   <div class=\"align-center style-1 widget gsc-heading box-align-center auto-responsive\">\r\n      <div class=\"content-inner\">\r\n         \r\n                  \r\n         <div class=\"sub-title\"><span class=\"tagline\">Principi<\/span><\/div>  \r\n         \r\n                     <h2 class=\"title\">\r\n               <span>We Serve \u2013 Serviamo:<\/span>\r\n            <\/h2>\r\n                  \r\n                     <div class=\"title-desc\">Questo \u00e8 il motto delle nostre azioni e i nostri progetti sono orientati a questo obiettivo. Abbiamo elevati standard etici per i nostri membri, che si riflettono nei nostri obiettivi e principi.<\/div>\r\n         \r\n         \r\n      <\/div>\r\n   <\/div>\r\n<\/div>\t\t\t\t<\/div>\n\t\t\t\t<\/div>\n\t\t\t\t<\/div>\n\t\t\t\t\t<\/div>\n\t\t\t\t<\/div>\n\t\t<div class=\"elementor-element elementor-element-6590b24 e-flex e-con-boxed e-con e-parent\" data-id=\"6590b24\" data-element_type=\"container\" data-e-type=\"container\">\n\t\t\t\t\t<div class=\"e-con-inner\">\n\t\t<div class=\"elementor-element elementor-element-4e11322 e-con-full e-flex e-con e-child\" data-id=\"4e11322\" data-element_type=\"container\" data-e-type=\"container\">\n\t\t\t\t<div class=\"elementor-element elementor-element-947cf37 elementor-widget elementor-widget-gva-heading-block\" data-id=\"947cf37\" data-element_type=\"widget\" data-e-type=\"widget\" data-widget_type=\"gva-heading-block.default\">\n\t\t\t\t<div class=\"elementor-widget-container\">\n\t\t\t\t\t<div class=\"gva-element-gva-heading-block gva-element\">   <div class=\"align-center style-1 widget gsc-heading box-align-left auto-responsive\">\r\n      <div class=\"content-inner\">\r\n         \r\n                  \r\n         <div class=\"sub-title\"><span class=\"tagline\">Lions Club Vipiteno Wipptal<\/span><\/div>  \r\n         \r\n                     <h2 class=\"title\">\r\n               <span>I nostri principi<\/span>\r\n            <\/h2>\r\n                  \r\n         \r\n         \r\n      <\/div>\r\n   <\/div>\r\n<\/div>\t\t\t\t<\/div>\n\t\t\t\t<\/div>\n\t\t\t\t<div class=\"elementor-element elementor-element-31a8fdc elementor-widget elementor-widget-text-editor\" data-id=\"31a8fdc\" data-element_type=\"widget\" data-e-type=\"widget\" data-widget_type=\"text-editor.default\">\n\t\t\t\t\t\t\t\t\t<ul><li>Risvegliare e mantenere lo spirito di reciproca comprensione tra i popoli del mondo;<\/li><li>promuovere i principi di buon governo e buona cittadinanza;<\/li><li>sostenere attivamente lo sviluppo civico, culturale, sociale e generale della societ\u00e0;<\/li><li>unire i club in amicizia, cameratismo e reciproca comprensione;<\/li><li>fornire un forum per la discussione aperta di tutte le questioni di interesse pubblico, senza trattare le questioni politiche in modo partigiano o quelle religiose con intolleranza;<\/li><li>motivare individui dediti a servire la comunit\u00e0 senza cercare un guadagno materiale personale;<\/li><li>sviluppare e promuovere l&#8217;iniziativa e la condotta esemplare in tutti gli ambiti professionali e personali.<\/li><\/ul>\t\t\t\t\t\t\t\t<\/div>\n\t\t\t\t<\/div>\n\t\t\t\t\t<\/div>\n\t\t\t\t<\/div>\n\t\t<div class=\"elementor-element elementor-element-7aaa1b2 e-con-full e-flex e-con e-parent\" data-id=\"7aaa1b2\" data-element_type=\"container\" data-e-type=\"container\" data-settings=\"{&quot;background_background&quot;:&quot;classic&quot;}\">\n\t\t<div class=\"elementor-element elementor-element-aedf19d e-con-full e-flex e-con e-child\" data-id=\"aedf19d\" data-element_type=\"container\" data-e-type=\"container\" data-settings=\"{&quot;background_background&quot;:&quot;classic&quot;}\">\n\t\t<div class=\"elementor-element elementor-element-ebb14a7 e-con-full e-flex e-con e-child\" data-id=\"ebb14a7\" data-element_type=\"container\" data-e-type=\"container\">\n\t\t\t\t<div class=\"elementor-element elementor-element-1af8267 elementor-widget elementor-widget-gva-heading-block\" data-id=\"1af8267\" data-element_type=\"widget\" data-e-type=\"widget\" data-widget_type=\"gva-heading-block.default\">\n\t\t\t\t<div class=\"elementor-widget-container\">\n\t\t\t\t\t<div class=\"gva-element-gva-heading-block gva-element\">   <div class=\"align-left style-1 widget gsc-heading box-align-left auto-responsive\">\r\n      <div class=\"content-inner\">\r\n         \r\n                  \r\n         <div class=\"sub-title\"><span class=\"tagline\">Lions Club Vipiteno Wipptal<\/span><\/div>  \r\n         \r\n                     <h2 class=\"title\">\r\n               <span>8 principi etici<\/span>\r\n            <\/h2>\r\n                  \r\n                     <div class=\"title-desc\"><ul>\n\n<li>Attraverso il mio impegno e la mia condotta nella vita personale e professionale, dimostro la mia volont\u00e0 di difendere non solo me stesso, ma anche la societ\u00e0.<\/li>\n\n<li>Non perseguir\u00f2 il mio successo a scapito della mia reputazione e del mio amor proprio, cercando vantaggi ingiusti o attraverso azioni disoneste.<\/li>\n\n<li>Non metter\u00f2 a repentaglio il sostentamento altrui per il mio tornaconto.\n\nSar\u00f2 leale con i miei partner commerciali e rimarr\u00f2 fedele a me stesso.<\/li>\n\n<li>Ogni volta che sorgeranno dubbi sulla correttezza e l'integrit\u00e0 morale del mio atteggiamento\n\no del mio comportamento verso gli altri, mi esaminer\u00f2 criticamente.<\/li>\n\n<li>Considero l'amicizia un fine in s\u00e9, non un mezzo per raggiungere un fine. Sono consapevole che la vera amicizia non si basa sui favori resi. Non pretende nulla, ma accetta gli atti di amicizia con lo stesso spirito con cui vengono offerti.<\/li>\n\n<li>Sar\u00f2 sempre consapevole dei miei obblighi di cittadino nei confronti del mio Paese e della societ\u00e0, e sar\u00f2 loro leale nelle parole e nei fatti. Nei limiti delle mie possibilit\u00e0, li sosterr\u00f2 nell'adempimento dei loro doveri con impegno personale e risorse finanziarie.<\/li>\n\n<li>Aiuter\u00f2 i miei simili confortando gli sfortunati, sostenendo i deboli con le azioni e assistendo i bisognosi con le mie risorse finanziarie.<\/li>\n\n<li>Sar\u00f2 cauto nelle mie critiche e generoso nelle mie lodi; mi impegner\u00f2 a costruire e non a distruggere.<\/li><\/div>\r\n         \r\n         \r\n      <\/div>\r\n   <\/div>\r\n<\/div>\t\t\t\t<\/div>\n\t\t\t\t<\/div>\n\t\t\t\t<\/div>\n\t\t\t\t<\/div>\n\t\t<div class=\"elementor-element elementor-element-1bebb39 e-con-full e-flex e-con e-child\" data-id=\"1bebb39\" data-element_type=\"container\" data-e-type=\"container\" data-settings=\"{&quot;background_background&quot;:&quot;classic&quot;}\">\n\t\t\t\t<div class=\"elementor-element elementor-element-763e4f5 elementor-widget elementor-widget-spacer\" data-id=\"763e4f5\" data-element_type=\"widget\" data-e-type=\"widget\" data-widget_type=\"spacer.default\">\n\t\t\t\t\t\t\t<div class=\"elementor-spacer\">\n\t\t\t<div class=\"elementor-spacer-inner\"><\/div>\n\t\t<\/div>\n\t\t\t\t\t\t<\/div>\n\t\t\t\t<\/div>\n\t\t\t\t<\/div>\n\t\t\t\t<\/div>\n\t\t","protected":false},"excerpt":{"rendered":"<p>Principi We Serve \u2013 Serviamo: Questo \u00e8 il motto delle nostre azioni e i nostri progetti sono orientati a questo obiettivo. Abbiamo elevati standard etici per i nostri membri, che [&hellip;]<\/p>\n","protected":false},"author":1,"featured_media":1754,"parent":0,"menu_order":0,"comment_status":"closed","ping_status":"closed","template":"","meta":{"footnotes":""},"class_list":["post-2166","page","type-page","status-publish","has-post-thumbnail","hentry"],"_links":{"self":[{"href":"https:\/\/lc-sterzing-vipiteno-wipptal.com\/it\/wp-json\/wp\/v2\/pages\/2166","targetHints":{"allow":["GET"]}}],"collection":[{"href":"https:\/\/lc-sterzing-vipiteno-wipptal.com\/it\/wp-json\/wp\/v2\/pages"}],"about":[{"href":"https:\/\/lc-sterzing-vipiteno-wipptal.com\/it\/wp-json\/wp\/v2\/types\/page"}],"author":[{"embeddable":true,"href":"https:\/\/lc-sterzing-vipiteno-wipptal.com\/it\/wp-json\/wp\/v2\/users\/1"}],"replies":[{"embeddable":true,"href":"https:\/\/lc-sterzing-vipiteno-wipptal.com\/it\/wp-json\/wp\/v2\/comments?post=2166"}],"version-history":[{"count":10,"href":"https:\/\/lc-sterzing-vipiteno-wipptal.com\/it\/wp-json\/wp\/v2\/pages\/2166\/revisions"}],"predecessor-version":[{"id":2830,"href":"https:\/\/lc-sterzing-vipiteno-wipptal.com\/it\/wp-json\/wp\/v2\/pages\/2166\/revisions\/2830"}],"wp:featuredmedia":[{"embeddable":true,"href":"https:\/\/lc-sterzing-vipiteno-wipptal.com\/it\/wp-json\/wp\/v2\/media\/1754"}],"wp:attachment":[{"href":"https:\/\/lc-sterzing-vipiteno-wipptal.com\/it\/wp-json\/wp\/v2\/media?parent=2166"}],"curies":[{"name":"wp","href":"https:\/\/api.w.org\/{rel}","templated":true}]}}